{"id":54944,"date":"2017-03-31T15:52:15","date_gmt":"2017-03-31T15:52:15","guid":{"rendered":"https:\/\/undsgn.com\/uncode\/?page_id=54944"},"modified":"2024-05-29T18:15:45","modified_gmt":"2024-05-29T22:15:45","slug":"home-2","status":"publish","type":"page","link":"https:\/\/www.mineriactiva.com\/","title":{"rendered":"Home"},"content":{"rendered":"<div class=\"wpb-content-wrapper\"><p>[vc_row row_height_percent=\u00bb75&#8243; override_padding=\u00bbyes\u00bb h_padding=\u00bb2&#8243; top_padding=\u00bb7&#8243; bottom_padding=\u00bb7&#8243; back_color=\u00bbcolor-xsdn\u00bb overlay_alpha=\u00bb50&#8243; gutter_size=\u00bb3&#8243; column_width_percent=\u00bb100&#8243; shift_y=\u00bb0&#8243; z_index=\u00bb0&#8243; uncode_shortcode_id=\u00bb195650&#8243; back_color_type=\u00bbuncode-palette\u00bb][vc_column column_width_percent=\u00bb100&#8243; position_vertical=\u00bbmiddle\u00bb gutter_size=\u00bb3&#8243; overlay_alpha=\u00bb50&#8243; shift_x=\u00bb0&#8243; shift_y=\u00bb0&#8243; shift_y_down=\u00bb0&#8243; z_index=\u00bb0&#8243; medium_width=\u00bb0&#8243; mobile_width=\u00bb0&#8243; width=\u00bb1\/1&#8243; uncode_shortcode_id=\u00bb133032&#8243;][vc_custom_heading heading_semantic=\u00bbh1&#8243; text_font=\u00bbfont-613363&#8243; text_size=\u00bbfontsize-338686&#8243; text_weight=\u00bb300&#8243; uncode_shortcode_id=\u00bb170011&#8243;]Potenciamos la mediana miner\u00eda en <span class=\"text-accent-color\">Chile y Latinoam\u00e9rica<\/span>[\/vc_custom_heading][vc_custom_heading text_color=\u00bbcolor-wvjs\u00bb text_font=\u00bbfont-613363&#8243; text_size=\u00bbh3&#8243; text_weight=\u00bb300&#8243; text_height=\u00bbfontheight-357766&#8243; uncode_shortcode_id=\u00bb929334&#8243; text_color_type=\u00bbuncode-palette\u00bb]Impulsando proyectos sostenibles en el largo plazo y que maximizan el retorno de nuestros inversionistas. Buscamos la optimizaci\u00f3n de los recursos y el mejoramiento continuo de los procesos internos y externos, con la visi\u00f3n de generar un impacto positivo en tres aspectos esenciales: ambiental, social y econ\u00f3mico.[\/vc_custom_heading][\/vc_column][\/vc_row][vc_row row_height_percent=\u00bb0&#8243; override_padding=\u00bbyes\u00bb h_padding=\u00bb2&#8243; top_padding=\u00bb5&#8243; bottom_padding=\u00bb5&#8243; back_color=\u00bbaccent\u00bb back_image=\u00bb118081&#8243; overlay_color=\u00bbaccent\u00bb overlay_alpha=\u00bb79&#8243; gutter_size=\u00bb3&#8243; column_width_percent=\u00bb100&#8243; shift_y=\u00bb0&#8243; z_index=\u00bb0&#8243; uncode_shortcode_id=\u00bb149866&#8243; back_color_type=\u00bbuncode-palette\u00bb overlay_color_type=\u00bbuncode-palette\u00bb][vc_column column_width_percent=\u00bb100&#8243; gutter_size=\u00bb4&#8243; overlay_alpha=\u00bb50&#8243; shift_x=\u00bb0&#8243; shift_y=\u00bb0&#8243; shift_y_down=\u00bb0&#8243; z_index=\u00bb0&#8243; medium_width=\u00bb0&#8243; mobile_width=\u00bb0&#8243; width=\u00bb1\/1&#8243;][vc_row_inner row_inner_height_percent=\u00bb0&#8243; overlay_alpha=\u00bb50&#8243; gutter_size=\u00bb4&#8243; shift_y=\u00bb0&#8243; z_index=\u00bb0&#8243; limit_content=\u00bb\u00bb][vc_column_inner column_width_percent=\u00bb100&#8243; gutter_size=\u00bb3&#8243; style=\u00bbdark\u00bb overlay_alpha=\u00bb50&#8243; shift_x=\u00bb0&#8243; shift_y=\u00bb0&#8243; shift_y_down=\u00bb0&#8243; z_index=\u00bb0&#8243; medium_width=\u00bb0&#8243; mobile_width=\u00bb0&#8243; width=\u00bb4\/12&#8243;][vc_custom_heading heading_semantic=\u00bbh6&#8243; text_size=\u00bbfontsize-160000&#8243; text_transform=\u00bbuppercase\u00bb text_space=\u00bbfontspace-210350&#8243; uncode_shortcode_id=\u00bb182926&#8243;]Qu\u00e9 hacemos[\/vc_custom_heading][\/vc_column_inner][vc_column_inner column_width_percent=\u00bb100&#8243; gutter_size=\u00bb2&#8243; style=\u00bbdark\u00bb overlay_alpha=\u00bb50&#8243; shift_x=\u00bb0&#8243; shift_y=\u00bb0&#8243; shift_y_down=\u00bb0&#8243; z_index=\u00bb0&#8243; medium_width=\u00bb0&#8243; mobile_width=\u00bb0&#8243; width=\u00bb8\/12&#8243;][vc_custom_heading text_size=\u00bbh1&#8243; text_weight=\u00bb300&#8243; text_height=\u00bbfontheight-357766&#8243; uncode_shortcode_id=\u00bb424454&#8243;]Desarrollamos proyectos mineros en todas sus etapas, desde exploraci\u00f3n temprana hasta producci\u00f3n, precaviendo siempre el cumplimiento de nuestra visi\u00f3n de promover una miner\u00eda sostenible.[\/vc_custom_heading][\/vc_column_inner][\/vc_row_inner][vc_row_inner row_inner_height_percent=\u00bb0&#8243; overlay_alpha=\u00bb50&#8243; gutter_size=\u00bb4&#8243; shift_y=\u00bb0&#8243; z_index=\u00bb0&#8243; limit_content=\u00bb\u00bb][vc_column_inner column_width_percent=\u00bb100&#8243; gutter_size=\u00bb3&#8243; style=\u00bbdark\u00bb overlay_alpha=\u00bb50&#8243; shift_x=\u00bb0&#8243; shift_y=\u00bb0&#8243; shift_y_down=\u00bb0&#8243; z_index=\u00bb0&#8243; medium_width=\u00bb0&#8243; mobile_width=\u00bb0&#8243; width=\u00bb1\/3&#8243;][vc_custom_heading heading_semantic=\u00bbh3&#8243; text_size=\u00bbh3&#8243; text_weight=\u00bb600&#8243; sub_lead=\u00bbyes\u00bb sub_reduced=\u00bbyes\u00bb subheading=\u00bbMiner\u00eda Activa est\u00e1 en constante b\u00fasqueda de prospectos mineros en diferentes etapas, desde propiedad minera sin estudios hasta proyectos productivos.\u00bb uncode_shortcode_id=\u00bb201515&#8243;]B\u00fasqueda constante[\/vc_custom_heading][\/vc_column_inner][vc_column_inner column_width_percent=\u00bb100&#8243; gutter_size=\u00bb3&#8243; style=\u00bbdark\u00bb overlay_alpha=\u00bb50&#8243; shift_x=\u00bb0&#8243; shift_y=\u00bb0&#8243; shift_y_down=\u00bb0&#8243; z_index=\u00bb0&#8243; medium_width=\u00bb0&#8243; mobile_width=\u00bb0&#8243; width=\u00bb1\/3&#8243;][vc_custom_heading heading_semantic=\u00bbh3&#8243; text_size=\u00bbh3&#8243; text_weight=\u00bb600&#8243; sub_lead=\u00bbyes\u00bb sub_reduced=\u00bbyes\u00bb subheading=\u00bbLa compa\u00f1\u00eda cuenta con un equipo multidisciplinario s\u00f3lido que permite una \u00e1gil y sofisticada integraci\u00f3n de los aspectos t\u00e9cnicos y financieros que caracterizan al negocio minero.\u00bb uncode_shortcode_id=\u00bb209373&#8243;]Experiencia en inversiones[\/vc_custom_heading][\/vc_column_inner][vc_column_inner column_width_percent=\u00bb100&#8243; gutter_size=\u00bb3&#8243; style=\u00bbdark\u00bb overlay_alpha=\u00bb50&#8243; shift_x=\u00bb0&#8243; shift_y=\u00bb0&#8243; shift_y_down=\u00bb0&#8243; z_index=\u00bb0&#8243; medium_width=\u00bb0&#8243; mobile_width=\u00bb0&#8243; width=\u00bb1\/3&#8243;][vc_custom_heading heading_semantic=\u00bbh3&#8243; text_size=\u00bbh3&#8243; text_weight=\u00bb600&#8243; sub_lead=\u00bbyes\u00bb sub_reduced=\u00bbyes\u00bb subheading=\u00bbLa empresa es una sociedad entre Activa Alternative Assets, brazo de capital privado de Larra\u00edn Vial, y un equipo de socios con una amplia y reconocida trayectoria en la industria minera.\u00bb uncode_shortcode_id=\u00bb184024&#8243;]Partners estrat\u00e9gicos[\/vc_custom_heading][\/vc_column_inner][\/vc_row_inner][\/vc_column][\/vc_row][vc_row row_height_percent=\u00bb0&#8243; override_padding=\u00bbyes\u00bb h_padding=\u00bb4&#8243; top_padding=\u00bb7&#8243; bottom_padding=\u00bb7&#8243; back_color=\u00bbcolor-105898&#8243; back_image=\u00bb118078&#8243; back_position=\u00bbcenter top\u00bb parallax=\u00bbyes\u00bb overlay_color=\u00bbcolor-105898&#8243; overlay_alpha=\u00bb77&#8243; gutter_size=\u00bb4&#8243; column_width_percent=\u00bb100&#8243; shift_y=\u00bb0&#8243; z_index=\u00bb0&#8243; uncode_shortcode_id=\u00bb882926&#8243; back_color_type=\u00bbuncode-palette\u00bb overlay_color_type=\u00bbuncode-palette\u00bb][vc_column column_width_percent=\u00bb100&#8243; position_vertical=\u00bbmiddle\u00bb align_horizontal=\u00bbalign_center\u00bb gutter_size=\u00bb2&#8243; style=\u00bbdark\u00bb overlay_alpha=\u00bb50&#8243; shift_x=\u00bb0&#8243; shift_y=\u00bb0&#8243; shift_y_down=\u00bb0&#8243; z_index=\u00bb0&#8243; medium_width=\u00bb3&#8243; mobile_width=\u00bb0&#8243; width=\u00bb1\/2&#8243; uncode_shortcode_id=\u00bb836871&#8243;][uncode_counter value=\u00bb4&#8243; counter_color=\u00bb\u00bb font=\u00bbfont-613363&#8243; size=\u00bbfontsize-338686&#8243; weight=\u00bb300&#8243; height=\u00bbfontheight-179065&#8243; suffix=\u00bbx\u00bb uncode_shortcode_id=\u00bb969589&#8243;][vc_custom_heading text_font=\u00bbfont-613363&#8243; text_size=\u00bbh3&#8243; text_weight=\u00bb400&#8243; text_height=\u00bbfontheight-357766&#8243; text_space=\u00bbfontspace-781688&#8243; uncode_shortcode_id=\u00bb892986&#8243;]El retorno alcanzado por los inversionistas del proyecto BioLant\u00e1nidos.[\/vc_custom_heading][\/vc_column][vc_column column_width_percent=\u00bb100&#8243; align_horizontal=\u00bbalign_center\u00bb gutter_size=\u00bb3&#8243; style=\u00bbdark\u00bb overlay_alpha=\u00bb50&#8243; shift_x=\u00bb0&#8243; shift_y=\u00bb0&#8243; shift_y_down=\u00bb0&#8243; z_index=\u00bb0&#8243; medium_width=\u00bb0&#8243; mobile_width=\u00bb0&#8243; width=\u00bb1\/2&#8243; uncode_shortcode_id=\u00bb294432&#8243;][uncode_counter value=\u00bb15&#8243; counter_color=\u00bb\u00bb font=\u00bbfont-613363&#8243; size=\u00bbfontsize-338686&#8243; weight=\u00bb300&#8243; height=\u00bbfontheight-179065&#8243; suffix=\u00bb+\u00bb uncode_shortcode_id=\u00bb104438&#8243;][vc_custom_heading text_font=\u00bbfont-613363&#8243; text_size=\u00bbh3&#8243; text_weight=\u00bb400&#8243; text_height=\u00bbfontheight-357766&#8243; text_space=\u00bbfontspace-781688&#8243; uncode_shortcode_id=\u00bb710425&#8243;]15 a\u00f1os administrando inversiones de capital privado en la industria minera.[\/vc_custom_heading][\/vc_column][\/vc_row][vc_row unlock_row_content=\u00bbyes\u00bb row_height_percent=\u00bb0&#8243; override_padding=\u00bbyes\u00bb h_padding=\u00bb0&#8243; top_padding=\u00bb0&#8243; bottom_padding=\u00bb0&#8243; back_color=\u00bbcolor-lxmt\u00bb overlay_alpha=\u00bb50&#8243; equal_height=\u00bbyes\u00bb gutter_size=\u00bb0&#8243; column_width_percent=\u00bb100&#8243; shift_y=\u00bb0&#8243; z_index=\u00bb0&#8243; bottom_divider=\u00bbgradient\u00bb][vc_column column_width_use_pixel=\u00bbyes\u00bb position_horizontal=\u00bbright\u00bb gutter_size=\u00bb3&#8243; override_padding=\u00bbyes\u00bb column_padding=\u00bb5&#8243; style=\u00bbdark\u00bb back_color=\u00bbcolor-151495&#8243; back_image=\u00bb118325&#8243; parallax=\u00bbyes\u00bb overlay_color=\u00bbcolor-151495&#8243; overlay_alpha=\u00bb92&#8243; shift_x=\u00bb0&#8243; shift_y=\u00bb0&#8243; shift_y_down=\u00bb0&#8243; z_index=\u00bb0&#8243; medium_width=\u00bb4&#8243; mobile_width=\u00bb0&#8243; width=\u00bb1\/2&#8243; column_width_pixel=\u00bb466&#8243; uncode_shortcode_id=\u00bb383037&#8243; back_color_type=\u00bbuncode-palette\u00bb overlay_color_type=\u00bbuncode-palette\u00bb][vc_custom_heading heading_semantic=\u00bbh3&#8243; text_size=\u00bbh1&#8243; text_weight=\u00bb300&#8243; sub_lead=\u00bbyes\u00bb sub_reduced=\u00bbyes\u00bb subheading=\u00bbBuscamos agregar valor en todas las etapas del ciclo minero y es por ello que administramos desde proyectos en exploraci\u00f3n temprana hasta activos en producci\u00f3n.\u00bb uncode_shortcode_id=\u00bb734804&#8243;]Portfolio Miner\u00eda Activa[\/vc_custom_heading][uncode_list larger=\u00bbyes\u00bb icon=\u00bbfa fa-circle-check\u00bb uncode_shortcode_id=\u00bb107934&#8243;]<\/p>\n<ul>\n<li>Pampa Camarones<\/li>\n<li>Cicl\u00f3n-Exploradora<\/li>\n<li>Indiana<\/li>\n<li>Filipina<\/li>\n<li>Im\u00e1n<\/li>\n<\/ul>\n<p>[\/uncode_list][vc_separator sep_color=\u00bb,Default\u00bb][vc_button button_color=\u00bbaccent\u00bb radius=\u00bbbtn-circle\u00bb hover_fx=\u00bboutlined\u00bb border_width=\u00bb0&#8243; link=\u00bburl:https%3A%2F%2Fwww.mineriactiva.com%2F%3Fpage_id%3D118476|title:Casos%20de%20Estudio\u00bb button_color_type=\u00bbuncode-palette\u00bb uncode_shortcode_id=\u00bb484964&#8243;]Portfolio[\/vc_button][\/vc_column][vc_column column_width_use_pixel=\u00bbyes\u00bb position_horizontal=\u00bbleft\u00bb gutter_size=\u00bb3&#8243; override_padding=\u00bbyes\u00bb column_padding=\u00bb5&#8243; back_color=\u00bbcolor-lxmt\u00bb overlay_alpha=\u00bb50&#8243; shift_x=\u00bb0&#8243; shift_y=\u00bb0&#8243; shift_y_fixed=\u00bbyes\u00bb shift_y_down=\u00bb0&#8243; z_index=\u00bb0&#8243; medium_width=\u00bb4&#8243; mobile_width=\u00bb0&#8243; width=\u00bb1\/2&#8243; column_width_pixel=\u00bb466&#8243; uncode_shortcode_id=\u00bb144449&#8243; back_color_type=\u00bbuncode-palette\u00bb][vc_custom_heading heading_semantic=\u00bbh3&#8243; text_size=\u00bbh1&#8243; text_weight=\u00bb300&#8243; sub_lead=\u00bbyes\u00bb sub_reduced=\u00bbyes\u00bb subheading=\u00bbEl \u00e9xito de nuestro trabajo radica en que somos capaces de combinar las habilidades de un fuerte equipo t\u00e9cnico con las de un equipo de profesionales expertos en inversiones en Private Equity.\u00bb uncode_shortcode_id=\u00bb704784&#8243;]Casos de estudio[\/vc_custom_heading][uncode_list larger=\u00bbyes\u00bb icon=\u00bbfa fa-circle-check\u00bb icon_color=\u00bbaccent\u00bb uncode_shortcode_id=\u00bb208735&#8243; icon_color_type=\u00bbuncode-palette\u00bb]<\/p>\n<ul>\n<li>BioLant\u00e1nidos<\/li>\n<li>Pampa Camarones<\/li>\n<\/ul>\n<p>[\/uncode_list][vc_empty_space empty_h=\u00bb3&#8243;][vc_separator sep_color=\u00bb,Default\u00bb][vc_button button_color=\u00bbaccent\u00bb radius=\u00bbbtn-circle\u00bb hover_fx=\u00bboutlined\u00bb border_width=\u00bb0&#8243; link=\u00bburl:https%3A%2F%2Fwww.mineriactiva.com%2F%3Fpage_id%3D118476|title:Casos%20de%20Estudio\u00bb button_color_type=\u00bbuncode-palette\u00bb uncode_shortcode_id=\u00bb125963&#8243;]Casos de estudio[\/vc_button][\/vc_column][\/vc_row][vc_row unlock_row_content=\u00bbyes\u00bb row_height_percent=\u00bb0&#8243; override_padding=\u00bbyes\u00bb h_padding=\u00bb0&#8243; top_padding=\u00bb0&#8243; bottom_padding=\u00bb0&#8243; overlay_alpha=\u00bb100&#8243; gutter_size=\u00bb100&#8243; column_width_percent=\u00bb100&#8243; shift_y=\u00bb0&#8243; z_index=\u00bb0&#8243; style=\u00bbinherited\u00bb][vc_column column_width_percent=\u00bb100&#8243; align_horizontal=\u00bbalign_center\u00bb gutter_size=\u00bb3&#8243; overlay_alpha=\u00bb50&#8243; shift_x=\u00bb0&#8243; shift_y=\u00bb0&#8243; medium_width=\u00bb0&#8243; zoom_width=\u00bb0&#8243; zoom_height=\u00bb0&#8243; width=\u00bb1\/1&#8243;][vc_gallery el_id=\u00bbgallery-958453445&#8243; type=\u00bbcarousel\u00bb medias=\u00bb118595,118549,118422,118556,118558,118559,118545,118420,118080,118546,118077,118547,118548,118078,118550,118551,118554,118555,118557&#8243; carousel_lg=\u00bb5&#8243; carousel_md=\u00bb3&#8243; carousel_sm=\u00bb1&#8243; thumb_size=\u00bbone-one\u00bb gutter_size=\u00bb1&#8243; media_items=\u00bbmedia,icon\u00bb carousel_interval=\u00bb3000&#8243; carousel_navspeed=\u00bb400&#8243; carousel_loop=\u00bbyes\u00bb carousel_dots_mobile=\u00bbyes\u00bb carousel_dots_inside=\u00bbyes\u00bb carousel_dot_padding=\u00bb2&#8243; stage_padding=\u00bb0&#8243; single_overlay_opacity=\u00bb50&#8243; single_text_anim_type=\u00bbbtt\u00bb single_h_align=\u00bbcenter\u00bb single_padding=\u00bb2&#8243; single_icon=\u00bbfa fa-search3&#8243; single_border=\u00bbyes\u00bb single_css_animation=\u00bbbottom-t-top\u00bb single_animation_delay=\u00bb200&#8243; no_double_tap=\u00bbyes\u00bb carousel_rtl=\u00bb\u00bb single_title_uppercase=\u00bb\u00bb single_title_bold=\u00bb\u00bb single_title_serif=\u00bb\u00bb onclick=\u00bblink_image\u00bb custom_links_target=\u00bb_self\u00bb items=\u00bbeyI4ODY4X2kiOnsic2luZ2xlX3dpZHRoIjoiNCIsInNpbmdsZV9oZWlnaHQiOiI0In0sIjg4NjJfaSI6eyJzaW5nbGVfd2lkdGgiOiI0Iiwic2luZ2xlX2hlaWdodCI6IjQifSwiODg2MF9pIjp7InNpbmdsZV93aWR0aCI6IjQifX0=\u00bb single_half_padding=\u00bb\u00bb single_no_background=\u00bb\u00bb uncode_shortcode_id=\u00bb521858&#8243;][\/vc_column][\/vc_row][vc_row row_height_percent=\u00bb0&#8243; override_padding=\u00bbyes\u00bb h_padding=\u00bb2&#8243; top_padding=\u00bb4&#8243; bottom_padding=\u00bb4&#8243; overlay_alpha=\u00bb70&#8243; gutter_size=\u00bb100&#8243; column_width_percent=\u00bb100&#8243; border_color=\u00bbcolor-gyho\u00bb border_style=\u00bbsolid\u00bb shift_y=\u00bb0&#8243; z_index=\u00bb0&#8243; style=\u00bbinherited\u00bb row_name=\u00bbWelcome\u00bb css=\u00bb.vc_custom_1604504391232{border-bottom-width: 1px !important;}\u00bb][vc_column column_width_percent=\u00bb100&#8243; gutter_size=\u00bb1&#8243; overlay_alpha=\u00bb50&#8243; shift_x=\u00bb0&#8243; shift_y=\u00bb0&#8243; z_index=\u00bb0&#8243; medium_width=\u00bb0&#8243; width=\u00bb4\/12&#8243;][vc_custom_heading text_font=\u00bbfont-136269&#8243; text_size=\u00bbh3&#8243; text_align=\u00bbtext-left\u00bb text_uppercase=\u00bb\u00bb uncode_shortcode_id=\u00bb151854&#8243;]Partners[\/vc_custom_heading][\/vc_column][vc_column column_width_percent=\u00bb100&#8243; gutter_size=\u00bb3&#8243; overlay_alpha=\u00bb50&#8243; shift_x=\u00bb0&#8243; shift_y=\u00bb0&#8243; medium_width=\u00bb0&#8243; zoom_width=\u00bb0&#8243; zoom_height=\u00bb0&#8243; width=\u00bb8\/12&#8243;][vc_gallery el_id=\u00bbgallery-854575&#8243; medias=\u00bb118792&#8243; gutter_size=\u00bb3&#8243; media_items=\u00bbmedia|nolink|original,icon\u00bb screen_lg=\u00bb100&#8243; screen_md=\u00bb100&#8243; screen_sm=\u00bb100&#8243; single_width=\u00bb6&#8243; single_overlay_color=\u00bbaccent\u00bb single_overlay_opacity=\u00bb50&#8243; single_overlay_anim=\u00bbno\u00bb single_text_anim=\u00bbno\u00bb single_image_anim=\u00bbno\u00bb single_padding=\u00bb2&#8243; single_border=\u00bbyes\u00bb carousel_rtl=\u00bb\u00bb uncode_shortcode_id=\u00bb181758&#8243;][\/vc_column][\/vc_row]<\/p>\n<\/div>","protected":false},"excerpt":{"rendered":"<p>[vc_row row_height_percent=\u00bb75&#8243; override_padding=\u00bbyes\u00bb h_padding=\u00bb2&#8243; top_padding=\u00bb7&#8243; bottom_padding=\u00bb7&#8243; back_color=\u00bbcolor-xsdn\u00bb overlay_alpha=\u00bb50&#8243; gutter_size=\u00bb3&#8243; column_width_percent=\u00bb100&#8243; shift_y=\u00bb0&#8243; z_index=\u00bb0&#8243; uncode_shortcode_id=\u00bb195650&#8243; back_color_type=\u00bbuncode-palette\u00bb][vc_column column_width_percent=\u00bb100&#8243; position_vertical=\u00bbmiddle\u00bb gutter_size=\u00bb3&#8243; overlay_alpha=\u00bb50&#8243; shift_x=\u00bb0&#8243; shift_y=\u00bb0&#8243; [&hellip;]<\/p>\n","protected":false},"author":1,"featured_media":0,"parent":0,"menu_order":0,"comment_status":"closed","ping_status":"closed","template":"","meta":{"footnotes":""},"class_list":["post-54944","page","type-page","status-publish","hentry"],"_links":{"self":[{"href":"https:\/\/www.mineriactiva.com\/index.php?rest_route=\/wp\/v2\/pages\/54944","targetHints":{"allow":["GET"]}}],"collection":[{"href":"https:\/\/www.mineriactiva.com\/index.php?rest_route=\/wp\/v2\/pages"}],"about":[{"href":"https:\/\/www.mineriactiva.com\/index.php?rest_route=\/wp\/v2\/types\/page"}],"author":[{"embeddable":true,"href":"https:\/\/www.mineriactiva.com\/index.php?rest_route=\/wp\/v2\/users\/1"}],"replies":[{"embeddable":true,"href":"https:\/\/www.mineriactiva.com\/index.php?rest_route=%2Fwp%2Fv2%2Fcomments&post=54944"}],"version-history":[{"count":157,"href":"https:\/\/www.mineriactiva.com\/index.php?rest_route=\/wp\/v2\/pages\/54944\/revisions"}],"predecessor-version":[{"id":119353,"href":"https:\/\/www.mineriactiva.com\/index.php?rest_route=\/wp\/v2\/pages\/54944\/revisions\/119353"}],"wp:attachment":[{"href":"https:\/\/www.mineriactiva.com\/index.php?rest_route=%2Fwp%2Fv2%2Fmedia&parent=54944"}],"curies":[{"name":"wp","href":"https:\/\/api.w.org\/{rel}","templated":true}]}}